
{"id":796,"date":"2024-12-25T07:16:45","date_gmt":"2024-12-25T07:16:45","guid":{"rendered":"https:\/\/dabar-yahuah.com\/?page_id=796"},"modified":"2025-01-01T13:02:30","modified_gmt":"2025-01-01T13:02:30","slug":"yahusha","status":"publish","type":"page","link":"https:\/\/www.dabar-yahuah.com\/es\/yahusha\/","title":{"rendered":"Yahusha"},"content":{"rendered":"<div data-elementor-type=\"wp-page\" data-elementor-id=\"796\" class=\"elementor elementor-796\" data-elementor-post-type=\"page\">\n\t\t\t\t<div class=\"elementor-element elementor-element-ac2e6cc e-flex e-con-boxed e-con e-parent\" data-id=\"ac2e6cc\" data-element_type=\"container\">\n\t\t\t\t\t<div class=\"e-con-inner\">\n\t\t<div class=\"elementor-element elementor-element-1530cc8 e-con-full e-flex e-con e-child\" data-id=\"1530cc8\" data-element_type=\"container\">\n\t\t\t\t<div class=\"elementor-element elementor-element-72bc125 elementor-widget elementor-widget-shortcode\" data-id=\"72bc125\" data-element_type=\"widget\" data-widget_type=\"shortcode.default\">\n\t\t\t\t<div class=\"elementor-widget-container\">\n\t\t\t\t\t\t\t<div class=\"elementor-shortcode\">\t\t<div data-elementor-type=\"section\" data-elementor-id=\"936\" class=\"elementor elementor-936\" data-elementor-post-type=\"elementor_library\">\n\t\t\t<div class=\"elementor-element elementor-element-d81d87b e-con-full e-flex e-con e-child\" data-id=\"d81d87b\" data-element_type=\"container\">\n\t\t\t\t<div class=\"elementor-element elementor-element-4b4aa45 elementor-widget elementor-widget-heading\" data-id=\"4b4aa45\" data-element_type=\"widget\" data-widget_type=\"heading.default\">\n\t\t\t\t<div class=\"elementor-widget-container\">\n\t\t\t\t\t<h5 class=\"elementor-heading-title elementor-size-default\">Shabba\u0302th<\/h5>\t\t\t\t<\/div>\n\t\t\t\t<\/div>\n\t\t\t\t<div class=\"elementor-element elementor-element-bc51621 elementor-widget elementor-widget-text-editor\" data-id=\"bc51621\" data-element_type=\"widget\" data-widget_type=\"text-editor.default\">\n\t\t\t\t<div class=\"elementor-widget-container\">\n\t\t\t\t\t\t\t\t\t<p>Creemos en el 4\u00ba mandamiento y guardamos el Shabb\u00e2th de:\n6:00 am a 6:00 am. \nDescansamos el s\u00e9ptimo d\u00eda.<br \/>6:00 am to 6:am.<br \/>Descansamos el s\u00e9ptimo d\u00eda.<\/p>\t\t\t\t\t\t\t\t<\/div>\n\t\t\t\t<\/div>\n\t\t\t\t<div class=\"elementor-element elementor-element-02b8dba elementor-widget elementor-widget-heading\" data-id=\"02b8dba\" data-element_type=\"widget\" data-widget_type=\"heading.default\">\n\t\t\t\t<div class=\"elementor-widget-container\">\n\t\t\t\t\t<h5 class=\"elementor-heading-title elementor-size-default\">1er Dia del Mes<\/h5>\t\t\t\t<\/div>\n\t\t\t\t<\/div>\n\t\t\t\t<div class=\"elementor-element elementor-element-c04bb8f elementor-widget elementor-widget-text-editor\" data-id=\"c04bb8f\" data-element_type=\"widget\" data-widget_type=\"text-editor.default\">\n\t\t\t\t<div class=\"elementor-widget-container\">\n\t\t\t\t\t\t\t\t\t<p>El observar la celebraci\u00f3n del Primer D\u00eda de Cada Mes es una pr\u00e1ctica com\u00fan en las Escrituras y nosotros la guardamos.<\/p>\t\t\t\t\t\t\t\t<\/div>\n\t\t\t\t<\/div>\n\t\t\t\t<div class=\"elementor-element elementor-element-5ba5677 elementor-widget elementor-widget-heading\" data-id=\"5ba5677\" data-element_type=\"widget\" data-widget_type=\"heading.default\">\n\t\t\t\t<div class=\"elementor-widget-container\">\n\t\t\t\t\t<h5 class=\"elementor-heading-title elementor-size-default\">Los Diez Mandamientos<\/h5>\t\t\t\t<\/div>\n\t\t\t\t<\/div>\n\t\t\t\t<div class=\"elementor-element elementor-element-027e9dc elementor-widget elementor-widget-text-editor\" data-id=\"027e9dc\" data-element_type=\"widget\" data-widget_type=\"text-editor.default\">\n\t\t\t\t<div class=\"elementor-widget-container\">\n\t\t\t\t\t\t\t\t\t<p>Los Mandamientos de Yahuah son para nosotros guardarlos y Yahusha nos mand\u00f3 a que continuemos guard\u00e1ndolos.<\/p>\t\t\t\t\t\t\t\t<\/div>\n\t\t\t\t<\/div>\n\t\t\t\t<div class=\"elementor-element elementor-element-b75d76e elementor-widget elementor-widget-heading\" data-id=\"b75d76e\" data-element_type=\"widget\" data-widget_type=\"heading.default\">\n\t\t\t\t<div class=\"elementor-widget-container\">\n\t\t\t\t\t<h5 class=\"elementor-heading-title elementor-size-default\">Calendario Biblico<\/h5>\t\t\t\t<\/div>\n\t\t\t\t<\/div>\n\t\t\t\t<div class=\"elementor-element elementor-element-4f9f8ef elementor-widget elementor-widget-text-editor\" data-id=\"4f9f8ef\" data-element_type=\"widget\" data-widget_type=\"text-editor.default\">\n\t\t\t\t<div class=\"elementor-widget-container\">\n\t\t\t\t\t\t\t\t\t<p>Comprendemos que el Calendario B\u00edblico es diferente a los que el mundo usa. Nos apegamos a la reconciliaci\u00f3n del Calendario B\u00edblico de acuerdo a las Escrituras.<\/p>\t\t\t\t\t\t\t\t<\/div>\n\t\t\t\t<\/div>\n\t\t\t\t<div class=\"elementor-element elementor-element-a0efa07 elementor-widget elementor-widget-heading\" data-id=\"a0efa07\" data-element_type=\"widget\" data-widget_type=\"heading.default\">\n\t\t\t\t<div class=\"elementor-widget-container\">\n\t\t\t\t\t<h5 class=\"elementor-heading-title elementor-size-default\">Nos Congregamos <\/h5>\t\t\t\t<\/div>\n\t\t\t\t<\/div>\n\t\t\t\t<div class=\"elementor-element elementor-element-4fdf0bc elementor-widget elementor-widget-text-editor\" data-id=\"4fdf0bc\" data-element_type=\"widget\" data-widget_type=\"text-editor.default\">\n\t\t\t\t<div class=\"elementor-widget-container\">\n\t\t\t\t\t\t\t\t\t<p>El Shabba\u0302th es nuestro D\u00eda oficial de la semana para congregarnos y estar en comuni\u00f3n unos con otros. Una Congregaci\u00f3n en l\u00ednea compartiendo el amor de Yahuah y la salvaci\u00f3n de Yahusha en nuestras vidas.<\/p>\t\t\t\t\t\t\t\t<\/div>\n\t\t\t\t<\/div>\n\t\t\t\t<\/div>\n\t\t\t\t<\/div>\n\t\t<\/div>\n\t\t\t\t\t\t<\/div>\n\t\t\t\t<\/div>\n\t\t\t\t<\/div>\n\t\t<div class=\"elementor-element elementor-element-3d545e7 e-con-full e-flex e-con e-child\" data-id=\"3d545e7\" data-element_type=\"container\" data-settings=\"{&quot;background_background&quot;:&quot;classic&quot;}\">\n\t\t\t\t<div class=\"elementor-element elementor-element-3fde9d4 elementor-widget elementor-widget-heading\" data-id=\"3fde9d4\" data-element_type=\"widget\" data-widget_type=\"heading.default\">\n\t\t\t\t<div class=\"elementor-widget-container\">\n\t\t\t\t\t<h2 class=\"elementor-heading-title elementor-size-default\">Yahusha - <span class=\"black\">- El nombre del Hijo<\/span><\/h2>\t\t\t\t<\/div>\n\t\t\t\t<\/div>\n\t\t\t\t<div class=\"elementor-element elementor-element-3412986 elementor-widget elementor-widget-image\" data-id=\"3412986\" data-element_type=\"widget\" data-widget_type=\"image.default\">\n\t\t\t\t<div class=\"elementor-widget-container\">\n\t\t\t\t\t\t\t\t\t\t\t\t\t\t\t<img fetchpriority=\"high\" decoding=\"async\" width=\"1024\" height=\"576\" src=\"https:\/\/www.dabar-yahuah.com\/wp-content\/uploads\/2025\/01\/vidiq_thumbnail_181-1024x576.jpg\" class=\"attachment-large size-large wp-image-1001\" alt=\"\" srcset=\"https:\/\/www.dabar-yahuah.com\/wp-content\/uploads\/2025\/01\/vidiq_thumbnail_181-1024x576.jpg 1024w, https:\/\/www.dabar-yahuah.com\/wp-content\/uploads\/2025\/01\/vidiq_thumbnail_181-300x169.jpg 300w, https:\/\/www.dabar-yahuah.com\/wp-content\/uploads\/2025\/01\/vidiq_thumbnail_181-768x432.jpg 768w, https:\/\/www.dabar-yahuah.com\/wp-content\/uploads\/2025\/01\/vidiq_thumbnail_181-18x10.jpg 18w, https:\/\/www.dabar-yahuah.com\/wp-content\/uploads\/2025\/01\/vidiq_thumbnail_181.jpg 1280w\" sizes=\"(max-width: 1024px) 100vw, 1024px\" \/>\t\t\t\t\t\t\t\t\t\t\t\t\t\t\t<\/div>\n\t\t\t\t<\/div>\n\t\t\t\t<div class=\"elementor-element elementor-element-ce49d78 elementor-widget elementor-widget-text-editor\" data-id=\"ce49d78\" data-element_type=\"widget\" data-widget_type=\"text-editor.default\">\n\t\t\t\t<div class=\"elementor-widget-container\">\n\t\t\t\t\t\t\t\t\t<p>&#8230;<\/p>\t\t\t\t\t\t\t\t<\/div>\n\t\t\t\t<\/div>\n\t\t\t\t<div class=\"elementor-element elementor-element-56163b5 elementor-widget elementor-widget-heading\" data-id=\"56163b5\" data-element_type=\"widget\" data-widget_type=\"heading.default\">\n\t\t\t\t<div class=\"elementor-widget-container\">\n\t\t\t\t\t<h2 class=\"elementor-heading-title elementor-size-default\">Yahsha - <span class=\"black\">Yashuah<\/span><\/h2>\t\t\t\t<\/div>\n\t\t\t\t<\/div>\n\t\t\t\t<div class=\"elementor-element elementor-element-13e7431 elementor-widget elementor-widget-text-editor\" data-id=\"13e7431\" data-element_type=\"widget\" data-widget_type=\"text-editor.default\">\n\t\t\t\t<div class=\"elementor-widget-container\">\n\t\t\t\t\t\t\t\t\t<p>&#8230;<\/p>\t\t\t\t\t\t\t\t<\/div>\n\t\t\t\t<\/div>\n\t\t\t\t<div class=\"elementor-element elementor-element-8cfbb25 elementor-widget elementor-widget-image\" data-id=\"8cfbb25\" data-element_type=\"widget\" data-widget_type=\"image.default\">\n\t\t\t\t<div class=\"elementor-widget-container\">\n\t\t\t\t\t\t\t\t\t\t\t\t\t\t\t<img decoding=\"async\" width=\"1024\" height=\"576\" data-src=\"https:\/\/www.dabar-yahuah.com\/wp-content\/uploads\/2025\/01\/vidiq_thumbnail_5-1024x576.jpg\" class=\"attachment-large size-large wp-image-1006 lazyload\" alt=\"\" data-srcset=\"https:\/\/www.dabar-yahuah.com\/wp-content\/uploads\/2025\/01\/vidiq_thumbnail_5-1024x576.jpg 1024w, https:\/\/www.dabar-yahuah.com\/wp-content\/uploads\/2025\/01\/vidiq_thumbnail_5-300x169.jpg 300w, https:\/\/www.dabar-yahuah.com\/wp-content\/uploads\/2025\/01\/vidiq_thumbnail_5-768x432.jpg 768w, https:\/\/www.dabar-yahuah.com\/wp-content\/uploads\/2025\/01\/vidiq_thumbnail_5-18x10.jpg 18w, https:\/\/www.dabar-yahuah.com\/wp-content\/uploads\/2025\/01\/vidiq_thumbnail_5.jpg 1280w\" data-sizes=\"(max-width: 1024px) 100vw, 1024px\" src=\"data:image\/gif;base64,R0lGODlhAQABAAAAACH5BAEKAAEALAAAAAABAAEAAAICTAEAOw==\" style=\"--smush-placeholder-width: 1024px; --smush-placeholder-aspect-ratio: 1024\/576;\" \/><noscript><img decoding=\"async\" width=\"1024\" height=\"576\" src=\"https:\/\/www.dabar-yahuah.com\/wp-content\/uploads\/2025\/01\/vidiq_thumbnail_5-1024x576.jpg\" class=\"attachment-large size-large wp-image-1006\" alt=\"\" srcset=\"https:\/\/www.dabar-yahuah.com\/wp-content\/uploads\/2025\/01\/vidiq_thumbnail_5-1024x576.jpg 1024w, https:\/\/www.dabar-yahuah.com\/wp-content\/uploads\/2025\/01\/vidiq_thumbnail_5-300x169.jpg 300w, https:\/\/www.dabar-yahuah.com\/wp-content\/uploads\/2025\/01\/vidiq_thumbnail_5-768x432.jpg 768w, https:\/\/www.dabar-yahuah.com\/wp-content\/uploads\/2025\/01\/vidiq_thumbnail_5-18x10.jpg 18w, https:\/\/www.dabar-yahuah.com\/wp-content\/uploads\/2025\/01\/vidiq_thumbnail_5.jpg 1280w\" sizes=\"(max-width: 1024px) 100vw, 1024px\" \/><\/noscript>\t\t\t\t\t\t\t\t\t\t\t\t\t\t\t<\/div>\n\t\t\t\t<\/div>\n\t\t\t\t<div class=\"elementor-element elementor-element-75bdb46 elementor-widget elementor-widget-text-editor\" data-id=\"75bdb46\" data-element_type=\"widget\" data-widget_type=\"text-editor.default\">\n\t\t\t\t<div class=\"elementor-widget-container\">\n\t\t\t\t\t\t\t\t\t<p>&#8230;<\/p>\t\t\t\t\t\t\t\t<\/div>\n\t\t\t\t<\/div>\n\t\t\t\t<\/div>\n\t\t<div class=\"elementor-element elementor-element-69c2ee1 e-con-full e-flex e-con e-child\" data-id=\"69c2ee1\" data-element_type=\"container\">\n\t\t\t\t<div class=\"elementor-element elementor-element-a201f39 elementor-widget elementor-widget-shortcode\" data-id=\"a201f39\" data-element_type=\"widget\" data-widget_type=\"shortcode.default\">\n\t\t\t\t<div class=\"elementor-widget-container\">\n\t\t\t\t\t\t\t<div class=\"elementor-shortcode\">\t\t<div data-elementor-type=\"section\" data-elementor-id=\"943\" class=\"elementor elementor-943\" data-elementor-post-type=\"elementor_library\">\n\t\t\t<div class=\"elementor-element elementor-element-46df5c2 e-con-full e-flex e-con e-child\" data-id=\"46df5c2\" data-element_type=\"container\">\n\t\t\t\t<div class=\"elementor-element elementor-element-bd5062e elementor-align-justify elementor-widget elementor-widget-button\" data-id=\"bd5062e\" data-element_type=\"widget\" data-widget_type=\"button.default\">\n\t\t\t\t<div class=\"elementor-widget-container\">\n\t\t\t\t\t\t\t\t\t<div class=\"elementor-button-wrapper\">\n\t\t\t\t\t<a class=\"elementor-button elementor-size-sm\" role=\"button\">\n\t\t\t\t\t\t<span class=\"elementor-button-content-wrapper\">\n\t\t\t\t\t\t\t\t\t<span class=\"elementor-button-text\">Books<\/span>\n\t\t\t\t\t<\/span>\n\t\t\t\t\t<\/a>\n\t\t\t\t<\/div>\n\t\t\t\t\t\t\t\t<\/div>\n\t\t\t\t<\/div>\n\t\t\t\t<div class=\"elementor-element elementor-element-36cf399 elementor-widget elementor-widget-image\" data-id=\"36cf399\" data-element_type=\"widget\" data-widget_type=\"image.default\">\n\t\t\t\t<div class=\"elementor-widget-container\">\n\t\t\t\t\t\t\t\t\t\t\t\t\t\t\t\t<a href=\"https:\/\/www.amazon.com\/YAHUAH-%D7%99%D7%94%D7%95%D7%94-Restoration-Yeral-Ogando\/dp\/1946249971\/ref=monarch_sidesheet_image\" target=\"_blank\">\n\t\t\t\t\t\t\t<img decoding=\"async\" width=\"683\" height=\"1024\" data-src=\"https:\/\/www.dabar-yahuah.com\/wp-content\/uploads\/2024\/12\/3-683x1024.webp\" class=\"attachment-large size-large wp-image-978 lazyload\" alt=\"Yahuah Restoration Guide\" data-srcset=\"https:\/\/www.dabar-yahuah.com\/wp-content\/uploads\/2024\/12\/3-683x1024.webp 683w, https:\/\/www.dabar-yahuah.com\/wp-content\/uploads\/2024\/12\/3-200x300.webp 200w, https:\/\/www.dabar-yahuah.com\/wp-content\/uploads\/2024\/12\/3-768x1152.webp 768w, https:\/\/www.dabar-yahuah.com\/wp-content\/uploads\/2024\/12\/3-1024x1536.webp 1024w, https:\/\/www.dabar-yahuah.com\/wp-content\/uploads\/2024\/12\/3-1365x2048.webp 1365w, https:\/\/www.dabar-yahuah.com\/wp-content\/uploads\/2024\/12\/3-8x12.webp 8w, https:\/\/www.dabar-yahuah.com\/wp-content\/uploads\/2024\/12\/3-scaled.webp 1707w\" data-sizes=\"(max-width: 683px) 100vw, 683px\" src=\"data:image\/gif;base64,R0lGODlhAQABAAAAACH5BAEKAAEALAAAAAABAAEAAAICTAEAOw==\" style=\"--smush-placeholder-width: 683px; --smush-placeholder-aspect-ratio: 683\/1024;\" \/><noscript><img decoding=\"async\" width=\"683\" height=\"1024\" src=\"https:\/\/www.dabar-yahuah.com\/wp-content\/uploads\/2024\/12\/3-683x1024.webp\" class=\"attachment-large size-large wp-image-978\" alt=\"Yahuah Restoration Guide\" srcset=\"https:\/\/www.dabar-yahuah.com\/wp-content\/uploads\/2024\/12\/3-683x1024.webp 683w, https:\/\/www.dabar-yahuah.com\/wp-content\/uploads\/2024\/12\/3-200x300.webp 200w, https:\/\/www.dabar-yahuah.com\/wp-content\/uploads\/2024\/12\/3-768x1152.webp 768w, https:\/\/www.dabar-yahuah.com\/wp-content\/uploads\/2024\/12\/3-1024x1536.webp 1024w, https:\/\/www.dabar-yahuah.com\/wp-content\/uploads\/2024\/12\/3-1365x2048.webp 1365w, https:\/\/www.dabar-yahuah.com\/wp-content\/uploads\/2024\/12\/3-8x12.webp 8w, https:\/\/www.dabar-yahuah.com\/wp-content\/uploads\/2024\/12\/3-scaled.webp 1707w\" sizes=\"(max-width: 683px) 100vw, 683px\" \/><\/noscript>\t\t\t\t\t\t\t\t<\/a>\n\t\t\t\t\t\t\t\t\t\t\t\t\t\t\t<\/div>\n\t\t\t\t<\/div>\n\t\t\t\t<div class=\"elementor-element elementor-element-251dd35 elementor-widget elementor-widget-image\" data-id=\"251dd35\" data-element_type=\"widget\" data-widget_type=\"image.default\">\n\t\t\t\t<div class=\"elementor-widget-container\">\n\t\t\t\t\t\t\t\t\t\t\t\t\t\t\t\t<a href=\"https:\/\/www.amazon.com\/Awareness-Hero-Within-Yeral-Ogando\/dp\/0996687319\/ref=monarch_sidesheet_image\" target=\"_blank\">\n\t\t\t\t\t\t\t<img loading=\"lazy\" decoding=\"async\" width=\"300\" height=\"450\" data-src=\"https:\/\/www.dabar-yahuah.com\/wp-content\/uploads\/2024\/12\/Book-Cover-Front-Awareness-300x450-1.jpg\" class=\"attachment-large size-large wp-image-617 lazyload\" alt=\"\" data-srcset=\"https:\/\/www.dabar-yahuah.com\/wp-content\/uploads\/2024\/12\/Book-Cover-Front-Awareness-300x450-1.jpg 300w, https:\/\/www.dabar-yahuah.com\/wp-content\/uploads\/2024\/12\/Book-Cover-Front-Awareness-300x450-1-200x300.jpg 200w\" data-sizes=\"(max-width: 300px) 100vw, 300px\" src=\"data:image\/gif;base64,R0lGODlhAQABAAAAACH5BAEKAAEALAAAAAABAAEAAAICTAEAOw==\" style=\"--smush-placeholder-width: 300px; --smush-placeholder-aspect-ratio: 300\/450;\" \/><noscript><img loading=\"lazy\" decoding=\"async\" width=\"300\" height=\"450\" src=\"https:\/\/www.dabar-yahuah.com\/wp-content\/uploads\/2024\/12\/Book-Cover-Front-Awareness-300x450-1.jpg\" class=\"attachment-large size-large wp-image-617\" alt=\"\" srcset=\"https:\/\/www.dabar-yahuah.com\/wp-content\/uploads\/2024\/12\/Book-Cover-Front-Awareness-300x450-1.jpg 300w, https:\/\/www.dabar-yahuah.com\/wp-content\/uploads\/2024\/12\/Book-Cover-Front-Awareness-300x450-1-200x300.jpg 200w\" sizes=\"(max-width: 300px) 100vw, 300px\" \/><\/noscript>\t\t\t\t\t\t\t\t<\/a>\n\t\t\t\t\t\t\t\t\t\t\t\t\t\t\t<\/div>\n\t\t\t\t<\/div>\n\t\t\t\t<div class=\"elementor-element elementor-element-ec7be7f elementor-widget elementor-widget-image\" data-id=\"ec7be7f\" data-element_type=\"widget\" data-widget_type=\"image.default\">\n\t\t\t\t<div class=\"elementor-widget-container\">\n\t\t\t\t\t\t\t\t\t\t\t\t\t\t\t\t<a href=\"https:\/\/www.amazon.com\/Nede-Land-1-Hero-Within\/dp\/1946249491\/ref=monarch_sidesheet_image\" target=\"_blank\">\n\t\t\t\t\t\t\t<img loading=\"lazy\" decoding=\"async\" width=\"300\" height=\"450\" data-src=\"https:\/\/www.dabar-yahuah.com\/wp-content\/uploads\/2024\/12\/Nede-Land-I-Kindle-300x450-1.jpg\" class=\"attachment-large size-large wp-image-616 lazyload\" alt=\"\" data-srcset=\"https:\/\/www.dabar-yahuah.com\/wp-content\/uploads\/2024\/12\/Nede-Land-I-Kindle-300x450-1.jpg 300w, https:\/\/www.dabar-yahuah.com\/wp-content\/uploads\/2024\/12\/Nede-Land-I-Kindle-300x450-1-200x300.jpg 200w\" data-sizes=\"(max-width: 300px) 100vw, 300px\" src=\"data:image\/gif;base64,R0lGODlhAQABAAAAACH5BAEKAAEALAAAAAABAAEAAAICTAEAOw==\" style=\"--smush-placeholder-width: 300px; --smush-placeholder-aspect-ratio: 300\/450;\" \/><noscript><img loading=\"lazy\" decoding=\"async\" width=\"300\" height=\"450\" src=\"https:\/\/www.dabar-yahuah.com\/wp-content\/uploads\/2024\/12\/Nede-Land-I-Kindle-300x450-1.jpg\" class=\"attachment-large size-large wp-image-616\" alt=\"\" srcset=\"https:\/\/www.dabar-yahuah.com\/wp-content\/uploads\/2024\/12\/Nede-Land-I-Kindle-300x450-1.jpg 300w, https:\/\/www.dabar-yahuah.com\/wp-content\/uploads\/2024\/12\/Nede-Land-I-Kindle-300x450-1-200x300.jpg 200w\" sizes=\"(max-width: 300px) 100vw, 300px\" \/><\/noscript>\t\t\t\t\t\t\t\t<\/a>\n\t\t\t\t\t\t\t\t\t\t\t\t\t\t\t<\/div>\n\t\t\t\t<\/div>\n\t\t\t\t<\/div>\n\t\t\t\t<\/div>\n\t\t<\/div>\n\t\t\t\t\t\t<\/div>\n\t\t\t\t<\/div>\n\t\t\t\t<\/div>\n\t\t\t\t\t<\/div>\n\t\t\t\t<\/div>\n\t\t\t\t<\/div>","protected":false},"excerpt":{"rendered":"<p>Yahusha &#8211; the name of His Son &#8230; Yahsha &#8211; Yashuah &#8230; &#8230;<\/p>","protected":false},"author":1,"featured_media":0,"parent":0,"menu_order":0,"comment_status":"closed","ping_status":"closed","template":"elementor_header_footer","meta":{"_bbp_topic_count":0,"_bbp_reply_count":0,"_bbp_total_topic_count":0,"_bbp_total_reply_count":0,"_bbp_voice_count":0,"_bbp_anonymous_reply_count":0,"_bbp_topic_count_hidden":0,"_bbp_reply_count_hidden":0,"_bbp_forum_subforum_count":0,"tessera_post_format_link":"","footnotes":""},"class_list":["post-796","page","type-page","status-publish","hentry"],"_links":{"self":[{"href":"https:\/\/www.dabar-yahuah.com\/es\/wp-json\/wp\/v2\/pages\/796","targetHints":{"allow":["GET"]}}],"collection":[{"href":"https:\/\/www.dabar-yahuah.com\/es\/wp-json\/wp\/v2\/pages"}],"about":[{"href":"https:\/\/www.dabar-yahuah.com\/es\/wp-json\/wp\/v2\/types\/page"}],"author":[{"embeddable":true,"href":"https:\/\/www.dabar-yahuah.com\/es\/wp-json\/wp\/v2\/users\/1"}],"replies":[{"embeddable":true,"href":"https:\/\/www.dabar-yahuah.com\/es\/wp-json\/wp\/v2\/comments?post=796"}],"version-history":[{"count":19,"href":"https:\/\/www.dabar-yahuah.com\/es\/wp-json\/wp\/v2\/pages\/796\/revisions"}],"predecessor-version":[{"id":1027,"href":"https:\/\/www.dabar-yahuah.com\/es\/wp-json\/wp\/v2\/pages\/796\/revisions\/1027"}],"wp:attachment":[{"href":"https:\/\/www.dabar-yahuah.com\/es\/wp-json\/wp\/v2\/media?parent=796"}],"curies":[{"name":"wp","href":"https:\/\/api.w.org\/{rel}","templated":true}]}}